{"id":132,"date":"2025-04-02T10:01:19","date_gmt":"2025-04-02T08:01:19","guid":{"rendered":"https:\/\/cellrent.lv\/?page_id=132"},"modified":"2025-09-18T18:11:06","modified_gmt":"2025-09-18T15:11:06","slug":"telekomunikaciju-aprikojuma-specializeto-metalkonstrukciju-izgatavosana","status":"publish","type":"page","link":"https:\/\/cellrent.lv\/lv\/telekomunikaciju-aprikojuma-specializeto-metalkonstrukciju-izgatavosana\/","title":{"rendered":"Telekomunik\u0101ciju apr\u012bkojuma specializ\u0113to met\u0101lkonstrukciju izgatavo\u0161ana"},"content":{"rendered":"","protected":false},"excerpt":{"rendered":"","protected":false},"author":1,"featured_media":0,"parent":0,"menu_order":0,"comment_status":"closed","ping_status":"closed","template":"builder.php","meta":[],"class_list":["post-132","page","type-page","status-publish","hentry"],"acf":[],"_links":{"self":[{"href":"https:\/\/cellrent.lv\/lv\/wp-json\/wp\/v2\/pages\/132","targetHints":{"allow":["GET"]}}],"collection":[{"href":"https:\/\/cellrent.lv\/lv\/wp-json\/wp\/v2\/pages"}],"about":[{"href":"https:\/\/cellrent.lv\/lv\/wp-json\/wp\/v2\/types\/page"}],"author":[{"embeddable":true,"href":"https:\/\/cellrent.lv\/lv\/wp-json\/wp\/v2\/users\/1"}],"replies":[{"embeddable":true,"href":"https:\/\/cellrent.lv\/lv\/wp-json\/wp\/v2\/comments?post=132"}],"version-history":[{"count":9,"href":"https:\/\/cellrent.lv\/lv\/wp-json\/wp\/v2\/pages\/132\/revisions"}],"predecessor-version":[{"id":251,"href":"https:\/\/cellrent.lv\/lv\/wp-json\/wp\/v2\/pages\/132\/revisions\/251"}],"wp:attachment":[{"href":"https:\/\/cellrent.lv\/lv\/wp-json\/wp\/v2\/media?parent=132"}],"curies":[{"name":"wp","href":"https:\/\/api.w.org\/{rel}","templated":true}]}}