{"id":134,"date":"2025-04-02T10:09:42","date_gmt":"2025-04-02T08:09:42","guid":{"rendered":"https:\/\/cellrent.lv\/?page_id=134"},"modified":"2025-09-24T16:08:26","modified_gmt":"2025-09-24T13:08:26","slug":"rooftop-bazes-staciju-maskesana","status":"publish","type":"page","link":"https:\/\/cellrent.lv\/lv\/rooftop-bazes-staciju-maskesana\/","title":{"rendered":"Rooftop b\u0101zes staciju mask\u0113\u0161ana"},"content":{"rendered":"","protected":false},"excerpt":{"rendered":"","protected":false},"author":1,"featured_media":0,"parent":0,"menu_order":0,"comment_status":"closed","ping_status":"closed","template":"builder.php","meta":[],"class_list":["post-134","page","type-page","status-publish","hentry"],"acf":[],"_links":{"self":[{"href":"https:\/\/cellrent.lv\/lv\/wp-json\/wp\/v2\/pages\/134","targetHints":{"allow":["GET"]}}],"collection":[{"href":"https:\/\/cellrent.lv\/lv\/wp-json\/wp\/v2\/pages"}],"about":[{"href":"https:\/\/cellrent.lv\/lv\/wp-json\/wp\/v2\/types\/page"}],"author":[{"embeddable":true,"href":"https:\/\/cellrent.lv\/lv\/wp-json\/wp\/v2\/users\/1"}],"replies":[{"embeddable":true,"href":"https:\/\/cellrent.lv\/lv\/wp-json\/wp\/v2\/comments?post=134"}],"version-history":[{"count":7,"href":"https:\/\/cellrent.lv\/lv\/wp-json\/wp\/v2\/pages\/134\/revisions"}],"predecessor-version":[{"id":318,"href":"https:\/\/cellrent.lv\/lv\/wp-json\/wp\/v2\/pages\/134\/revisions\/318"}],"wp:attachment":[{"href":"https:\/\/cellrent.lv\/lv\/wp-json\/wp\/v2\/media?parent=134"}],"curies":[{"name":"wp","href":"https:\/\/api.w.org\/{rel}","templated":true}]}}