{"id":136,"date":"2025-04-02T10:10:28","date_gmt":"2025-04-02T08:10:28","guid":{"rendered":"https:\/\/cellrent.lv\/?page_id=136"},"modified":"2025-09-18T18:11:10","modified_gmt":"2025-09-18T15:11:10","slug":"telekomunikaciju-iekartu-uzstadisana-un-buvnieciba","status":"publish","type":"page","link":"https:\/\/cellrent.lv\/lv\/telekomunikaciju-iekartu-uzstadisana-un-buvnieciba\/","title":{"rendered":"Telekomunik\u0101ciju iek\u0101rtu uzst\u0101d\u012b\u0161ana un b\u016bvniec\u012bba"},"content":{"rendered":"","protected":false},"excerpt":{"rendered":"","protected":false},"author":1,"featured_media":0,"parent":0,"menu_order":0,"comment_status":"closed","ping_status":"closed","template":"builder.php","meta":[],"class_list":["post-136","page","type-page","status-publish","hentry"],"acf":[],"_links":{"self":[{"href":"https:\/\/cellrent.lv\/lv\/wp-json\/wp\/v2\/pages\/136","targetHints":{"allow":["GET"]}}],"collection":[{"href":"https:\/\/cellrent.lv\/lv\/wp-json\/wp\/v2\/pages"}],"about":[{"href":"https:\/\/cellrent.lv\/lv\/wp-json\/wp\/v2\/types\/page"}],"author":[{"embeddable":true,"href":"https:\/\/cellrent.lv\/lv\/wp-json\/wp\/v2\/users\/1"}],"replies":[{"embeddable":true,"href":"https:\/\/cellrent.lv\/lv\/wp-json\/wp\/v2\/comments?post=136"}],"version-history":[{"count":8,"href":"https:\/\/cellrent.lv\/lv\/wp-json\/wp\/v2\/pages\/136\/revisions"}],"predecessor-version":[{"id":252,"href":"https:\/\/cellrent.lv\/lv\/wp-json\/wp\/v2\/pages\/136\/revisions\/252"}],"wp:attachment":[{"href":"https:\/\/cellrent.lv\/lv\/wp-json\/wp\/v2\/media?parent=136"}],"curies":[{"name":"wp","href":"https:\/\/api.w.org\/{rel}","templated":true}]}}