{"id":59,"date":"2025-01-15T16:25:00","date_gmt":"2025-01-15T14:25:00","guid":{"rendered":"https:\/\/cellrent.lv\/?page_id=59"},"modified":"2025-09-18T18:11:18","modified_gmt":"2025-09-18T15:11:18","slug":"telekomunikaciju-tornu-un-monopolu-razosana","status":"publish","type":"page","link":"https:\/\/cellrent.lv\/lv\/telekomunikaciju-tornu-un-monopolu-razosana\/","title":{"rendered":"Telekomunik\u0101ciju tor\u0146u un monopolu ra\u017eo\u0161ana"},"content":{"rendered":"","protected":false},"excerpt":{"rendered":"","protected":false},"author":1,"featured_media":0,"parent":0,"menu_order":0,"comment_status":"closed","ping_status":"closed","template":"builder.php","meta":[],"class_list":["post-59","page","type-page","status-publish","hentry"],"acf":[],"_links":{"self":[{"href":"https:\/\/cellrent.lv\/lv\/wp-json\/wp\/v2\/pages\/59","targetHints":{"allow":["GET"]}}],"collection":[{"href":"https:\/\/cellrent.lv\/lv\/wp-json\/wp\/v2\/pages"}],"about":[{"href":"https:\/\/cellrent.lv\/lv\/wp-json\/wp\/v2\/types\/page"}],"author":[{"embeddable":true,"href":"https:\/\/cellrent.lv\/lv\/wp-json\/wp\/v2\/users\/1"}],"replies":[{"embeddable":true,"href":"https:\/\/cellrent.lv\/lv\/wp-json\/wp\/v2\/comments?post=59"}],"version-history":[{"count":18,"href":"https:\/\/cellrent.lv\/lv\/wp-json\/wp\/v2\/pages\/59\/revisions"}],"predecessor-version":[{"id":254,"href":"https:\/\/cellrent.lv\/lv\/wp-json\/wp\/v2\/pages\/59\/revisions\/254"}],"wp:attachment":[{"href":"https:\/\/cellrent.lv\/lv\/wp-json\/wp\/v2\/media?parent=59"}],"curies":[{"name":"wp","href":"https:\/\/api.w.org\/{rel}","templated":true}]}}